{"id":10,"date":"2024-05-09T16:32:24","date_gmt":"2024-05-09T16:32:24","guid":{"rendered":"https:\/\/suomenlapsiperheet.fi\/?page_id=10"},"modified":"2024-05-09T16:35:41","modified_gmt":"2024-05-09T16:35:41","slug":"home","status":"publish","type":"page","link":"https:\/\/suomenlapsiperheet.fi\/","title":{"rendered":"Me"},"content":{"rendered":"\n<p>Meille &#8220;lapsiperheet&#8221; on laajempi k\u00e4site, joka kattaa koko yhteis\u00f6n. Lapset ja lapsiperheet ovat yhteis\u00f6\u00e4 ja toimiva, yhteenhiileen puhaltava, mukava ja toisiaan tukeva yhteis\u00f6 on sek\u00e4 lapsiperheiden, ett\u00e4 meid\u00e4n kaikkien etu.<\/p>\n","protected":false},"excerpt":{"rendered":"<p>Meille &#8220;lapsiperheet&#8221; on laajempi k\u00e4site, joka kattaa koko yhteis\u00f6n. Lapset ja lapsiperheet ovat yhteis\u00f6\u00e4 ja toimiva, yhteenhiileen puhaltava, mukava ja toisiaan tukeva yhteis\u00f6 on sek\u00e4 lapsiperheiden, ett\u00e4 meid\u00e4n kaikkien etu.<\/p>\n","protected":false},"author":1,"featured_media":0,"parent":0,"menu_order":0,"comment_status":"closed","ping_status":"closed","template":"","meta":{"footnotes":""},"class_list":["post-10","page","type-page","status-publish","hentry"],"yoast_head":"<!-- This site is optimized with the Yoast SEO plugin v27.2 - https:\/\/yoast.com\/product\/yoast-seo-wordpress\/ -->\n<title>Me - suomen lapsiperheet ry<\/title>\n<meta name=\"robots\" content=\"index, follow, max-snippet:-1, max-image-preview:large, max-video-preview:-1\" \/>\n<link rel=\"canonical\" href=\"https:\/\/suomenlapsiperheet.fi\/\" \/>\n<meta property=\"og:locale\" content=\"en_US\" \/>\n<meta property=\"og:type\" content=\"article\" \/>\n<meta property=\"og:title\" content=\"Me - suomen lapsiperheet ry\" \/>\n<meta property=\"og:description\" content=\"Meille &#8220;lapsiperheet&#8221; on laajempi k\u00e4site, joka kattaa koko yhteis\u00f6n. Lapset ja lapsiperheet ovat yhteis\u00f6\u00e4 ja toimiva, yhteenhiileen puhaltava, mukava ja toisiaan tukeva yhteis\u00f6 on sek\u00e4 lapsiperheiden, ett\u00e4 meid\u00e4n kaikkien etu.\" \/>\n<meta property=\"og:url\" content=\"https:\/\/suomenlapsiperheet.fi\/\" \/>\n<meta property=\"og:site_name\" content=\"suomen lapsiperheet ry\" \/>\n<meta property=\"article:modified_time\" content=\"2024-05-09T16:35:41+00:00\" \/>\n<meta name=\"twitter:card\" content=\"summary_large_image\" \/>\n<meta name=\"twitter:label1\" content=\"Est. reading time\" \/>\n\t<meta name=\"twitter:data1\" content=\"1 minute\" \/>\n<script type=\"application\/ld+json\" class=\"yoast-schema-graph\">{\"@context\":\"https:\/\/schema.org\",\"@graph\":[{\"@type\":\"WebPage\",\"@id\":\"https:\/\/suomenlapsiperheet.fi\/\",\"url\":\"https:\/\/suomenlapsiperheet.fi\/\",\"name\":\"Me - suomen lapsiperheet ry\",\"isPartOf\":{\"@id\":\"https:\/\/suomenlapsiperheet.fi\/#website\"},\"datePublished\":\"2024-05-09T16:32:24+00:00\",\"dateModified\":\"2024-05-09T16:35:41+00:00\",\"breadcrumb\":{\"@id\":\"https:\/\/suomenlapsiperheet.fi\/#breadcrumb\"},\"inLanguage\":\"en\",\"potentialAction\":[{\"@type\":\"ReadAction\",\"target\":[\"https:\/\/suomenlapsiperheet.fi\/\"]}]},{\"@type\":\"BreadcrumbList\",\"@id\":\"https:\/\/suomenlapsiperheet.fi\/#breadcrumb\",\"itemListElement\":[{\"@type\":\"ListItem\",\"position\":1,\"name\":\"Home\",\"item\":\"https:\/\/suomenlapsiperheet.fi\/\"},{\"@type\":\"ListItem\",\"position\":2,\"name\":\"Me\"}]},{\"@type\":\"WebSite\",\"@id\":\"https:\/\/suomenlapsiperheet.fi\/#website\",\"url\":\"https:\/\/suomenlapsiperheet.fi\/\",\"name\":\"suomen lapsiperheet ry\",\"description\":\"Suomen Lapsiperheet ry kehitt&auml;&auml; ja tuottaa kansallisesti sek&auml; kansainv&auml;lisesti lapsiperheiden palveluja. \",\"potentialAction\":[{\"@type\":\"SearchAction\",\"target\":{\"@type\":\"EntryPoint\",\"urlTemplate\":\"https:\/\/suomenlapsiperheet.fi\/?s={search_term_string}\"},\"query-input\":{\"@type\":\"PropertyValueSpecification\",\"valueRequired\":true,\"valueName\":\"search_term_string\"}}],\"inLanguage\":\"en\"}]}<\/script>\n<!-- \/ Yoast SEO plugin. -->","yoast_head_json":{"title":"Me - suomen lapsiperheet ry","robots":{"index":"index","follow":"follow","max-snippet":"max-snippet:-1","max-image-preview":"max-image-preview:large","max-video-preview":"max-video-preview:-1"},"canonical":"https:\/\/suomenlapsiperheet.fi\/","og_locale":"en_US","og_type":"article","og_title":"Me - suomen lapsiperheet ry","og_description":"Meille &#8220;lapsiperheet&#8221; on laajempi k\u00e4site, joka kattaa koko yhteis\u00f6n. Lapset ja lapsiperheet ovat yhteis\u00f6\u00e4 ja toimiva, yhteenhiileen puhaltava, mukava ja toisiaan tukeva yhteis\u00f6 on sek\u00e4 lapsiperheiden, ett\u00e4 meid\u00e4n kaikkien etu.","og_url":"https:\/\/suomenlapsiperheet.fi\/","og_site_name":"suomen lapsiperheet ry","article_modified_time":"2024-05-09T16:35:41+00:00","twitter_card":"summary_large_image","twitter_misc":{"Est. reading time":"1 minute"},"schema":{"@context":"https:\/\/schema.org","@graph":[{"@type":"WebPage","@id":"https:\/\/suomenlapsiperheet.fi\/","url":"https:\/\/suomenlapsiperheet.fi\/","name":"Me - suomen lapsiperheet ry","isPartOf":{"@id":"https:\/\/suomenlapsiperheet.fi\/#website"},"datePublished":"2024-05-09T16:32:24+00:00","dateModified":"2024-05-09T16:35:41+00:00","breadcrumb":{"@id":"https:\/\/suomenlapsiperheet.fi\/#breadcrumb"},"inLanguage":"en","potentialAction":[{"@type":"ReadAction","target":["https:\/\/suomenlapsiperheet.fi\/"]}]},{"@type":"BreadcrumbList","@id":"https:\/\/suomenlapsiperheet.fi\/#breadcrumb","itemListElement":[{"@type":"ListItem","position":1,"name":"Home","item":"https:\/\/suomenlapsiperheet.fi\/"},{"@type":"ListItem","position":2,"name":"Me"}]},{"@type":"WebSite","@id":"https:\/\/suomenlapsiperheet.fi\/#website","url":"https:\/\/suomenlapsiperheet.fi\/","name":"suomen lapsiperheet ry","description":"Suomen Lapsiperheet ry kehitt&auml;&auml; ja tuottaa kansallisesti sek&auml; kansainv&auml;lisesti lapsiperheiden palveluja. ","potentialAction":[{"@type":"SearchAction","target":{"@type":"EntryPoint","urlTemplate":"https:\/\/suomenlapsiperheet.fi\/?s={search_term_string}"},"query-input":{"@type":"PropertyValueSpecification","valueRequired":true,"valueName":"search_term_string"}}],"inLanguage":"en"}]}},"_links":{"self":[{"href":"https:\/\/suomenlapsiperheet.fi\/index.php\/wp-json\/wp\/v2\/pages\/10","targetHints":{"allow":["GET"]}}],"collection":[{"href":"https:\/\/suomenlapsiperheet.fi\/index.php\/wp-json\/wp\/v2\/pages"}],"about":[{"href":"https:\/\/suomenlapsiperheet.fi\/index.php\/wp-json\/wp\/v2\/types\/page"}],"author":[{"embeddable":true,"href":"https:\/\/suomenlapsiperheet.fi\/index.php\/wp-json\/wp\/v2\/users\/1"}],"replies":[{"embeddable":true,"href":"https:\/\/suomenlapsiperheet.fi\/index.php\/wp-json\/wp\/v2\/comments?post=10"}],"version-history":[{"count":2,"href":"https:\/\/suomenlapsiperheet.fi\/index.php\/wp-json\/wp\/v2\/pages\/10\/revisions"}],"predecessor-version":[{"id":34,"href":"https:\/\/suomenlapsiperheet.fi\/index.php\/wp-json\/wp\/v2\/pages\/10\/revisions\/34"}],"wp:attachment":[{"href":"https:\/\/suomenlapsiperheet.fi\/index.php\/wp-json\/wp\/v2\/media?parent=10"}],"curies":[{"name":"wp","href":"https:\/\/api.w.org\/{rel}","templated":true}]}}