{"id":11,"date":"2024-05-09T16:32:25","date_gmt":"2024-05-09T16:32:25","guid":{"rendered":"https:\/\/suomenlapsiperheet.fi\/?page_id=11"},"modified":"2024-05-09T17:19:44","modified_gmt":"2024-05-09T17:19:44","slug":"about","status":"publish","type":"page","link":"https:\/\/suomenlapsiperheet.fi\/index.php\/about\/","title":{"rendered":"TOIMINTAMME"},"content":{"rendered":"\n<p>J\u00e4rjest\u00e4mme lapsille, koululaisille ja lapsiperheille kursseja, kerhoja ja palveluja. Edist\u00e4mme yleisesti yhteis\u00f6n ja yhteiskunnan ilmapiiri\u00e4 ihmisyst\u00e4v\u00e4llisemm\u00e4ksi sek\u00e4 kulttuuria inhimillisemm\u00e4ksi.<\/p>\n\n\n\n<p>Kehit\u00e4mme ja luomme humanistisiin arvoihin perustuvia konsepteja, joita toivomme mallinnettavan ja levi\u00e4v\u00e4n edell\u00e4mainitun arvopohjan jakamana.<\/p>\n\n\n\n<p>Jokaisella ihmisell\u00e4 on arvo ja muita ihmisi\u00e4 sek\u00e4 ymp\u00e4rist\u00f6\u00e4 kunnioittaa jokainen.<\/p>\n\n\n\n<p>Painotamme toiminnassamme ja tavoitteissamme sosiaalisia taitoja, toisten huomioimista, hyvien tapojen kulttuuria, mukavaa ilmapiiri\u00e4 sek\u00e4 tukemista.<\/p>\n\n\n\n<p>&nbsp;Olemme l\u00e4sn\u00e4 yhteis\u00f6ss\u00e4, suhtautuen yksil\u00f6iden eri inhimillisiin tilanteisiin ymm\u00e4rryksell\u00e4. El\u00e4mme n\u00e4it\u00e4 arvojamme todeksi ja tuotamme ymm\u00e4rt\u00e4v\u00e4\u00e4 arkea. Toivomme inhimillisemp\u00e4\u00e4 ja ymm\u00e4rt\u00e4v\u00e4mp\u00e4\u00e4 arkea kaikille.&nbsp;<\/p>\n\n\n\n<p>Keskeist\u00e4 on oppia olla lapsen ja aikuisena olemaan yhteis\u00f6n se mukava j\u00e4sen, joka luo kauniimpaa maailmaa ja el\u00e4m\u00e4\u00e4 itselle sek\u00e4 muille.&nbsp;<\/p>\n","protected":false},"excerpt":{"rendered":"<p>J\u00e4rjest\u00e4mme lapsille, koululaisille ja lapsiperheille kursseja, kerhoja ja palveluja. Edist\u00e4mme yleisesti yhteis\u00f6n ja yhteiskunnan ilmapiiri\u00e4 ihmisyst\u00e4v\u00e4llisemm\u00e4ksi sek\u00e4 kulttuuria inhimillisemm\u00e4ksi. Kehit\u00e4mme ja luomme humanistisiin arvoihin perustuvia konsepteja, joita toivomme mallinnettavan ja levi\u00e4v\u00e4n edell\u00e4mainitun arvopohjan jakamana. Jokaisella ihmisell\u00e4 on arvo ja muita ihmisi\u00e4 sek\u00e4 ymp\u00e4rist\u00f6\u00e4 kunnioittaa jokainen. Painotamme toiminnassamme ja tavoitteissamme sosiaalisia taitoja, toisten huomioimista, hyvien tapojen &hellip; <\/p>\n<p class=\"link-more\"><a href=\"https:\/\/suomenlapsiperheet.fi\/index.php\/about\/\" class=\"more-link\">Continue reading<span class=\"screen-reader-text\"> &#8220;TOIMINTAMME&#8221;<\/span><\/a><\/p>\n","protected":false},"author":1,"featured_media":47,"parent":0,"menu_order":0,"comment_status":"closed","ping_status":"closed","template":"","meta":{"footnotes":""},"class_list":["post-11","page","type-page","status-publish","has-post-thumbnail","hentry"],"yoast_head":"<!-- This site is optimized with the Yoast SEO plugin v27.2 - https:\/\/yoast.com\/product\/yoast-seo-wordpress\/ -->\n<title>TOIMINTAMME - suomen lapsiperheet ry<\/title>\n<meta name=\"robots\" content=\"index, follow, max-snippet:-1, max-image-preview:large, max-video-preview:-1\" \/>\n<link rel=\"canonical\" href=\"https:\/\/suomenlapsiperheet.fi\/index.php\/about\/\" \/>\n<meta property=\"og:locale\" content=\"en_US\" \/>\n<meta property=\"og:type\" content=\"article\" \/>\n<meta property=\"og:title\" content=\"TOIMINTAMME - suomen lapsiperheet ry\" \/>\n<meta property=\"og:description\" content=\"J\u00e4rjest\u00e4mme lapsille, koululaisille ja lapsiperheille kursseja, kerhoja ja palveluja. Edist\u00e4mme yleisesti yhteis\u00f6n ja yhteiskunnan ilmapiiri\u00e4 ihmisyst\u00e4v\u00e4llisemm\u00e4ksi sek\u00e4 kulttuuria inhimillisemm\u00e4ksi. Kehit\u00e4mme ja luomme humanistisiin arvoihin perustuvia konsepteja, joita toivomme mallinnettavan ja levi\u00e4v\u00e4n edell\u00e4mainitun arvopohjan jakamana. Jokaisella ihmisell\u00e4 on arvo ja muita ihmisi\u00e4 sek\u00e4 ymp\u00e4rist\u00f6\u00e4 kunnioittaa jokainen. Painotamme toiminnassamme ja tavoitteissamme sosiaalisia taitoja, toisten huomioimista, hyvien tapojen &hellip; Continue reading &quot;TOIMINTAMME&quot;\" \/>\n<meta property=\"og:url\" content=\"https:\/\/suomenlapsiperheet.fi\/index.php\/about\/\" \/>\n<meta property=\"og:site_name\" content=\"suomen lapsiperheet ry\" \/>\n<meta property=\"article:modified_time\" content=\"2024-05-09T17:19:44+00:00\" \/>\n<meta property=\"og:image\" content=\"https:\/\/suomenlapsiperheet.fi\/wp-content\/uploads\/2024\/05\/cropped-IP-tyo\u0308paja-kuuset-2811-2023_EDIT-copy-2-1024x615.png\" \/>\n\t<meta property=\"og:image:width\" content=\"1024\" \/>\n\t<meta property=\"og:image:height\" content=\"615\" \/>\n\t<meta property=\"og:image:type\" content=\"image\/png\" \/>\n<meta name=\"twitter:card\" content=\"summary_large_image\" \/>\n<meta name=\"twitter:label1\" content=\"Est. reading time\" \/>\n\t<meta name=\"twitter:data1\" content=\"1 minute\" \/>\n<script type=\"application\/ld+json\" class=\"yoast-schema-graph\">{\"@context\":\"https:\/\/schema.org\",\"@graph\":[{\"@type\":\"WebPage\",\"@id\":\"https:\/\/suomenlapsiperheet.fi\/index.php\/about\/\",\"url\":\"https:\/\/suomenlapsiperheet.fi\/index.php\/about\/\",\"name\":\"TOIMINTAMME - suomen lapsiperheet ry\",\"isPartOf\":{\"@id\":\"https:\/\/suomenlapsiperheet.fi\/#website\"},\"primaryImageOfPage\":{\"@id\":\"https:\/\/suomenlapsiperheet.fi\/index.php\/about\/#primaryimage\"},\"image\":{\"@id\":\"https:\/\/suomenlapsiperheet.fi\/index.php\/about\/#primaryimage\"},\"thumbnailUrl\":\"https:\/\/suomenlapsiperheet.fi\/wp-content\/uploads\/2024\/05\/cropped-IP-tyo\u0308paja-kuuset-2811-2023_EDIT-copy-2.png\",\"datePublished\":\"2024-05-09T16:32:25+00:00\",\"dateModified\":\"2024-05-09T17:19:44+00:00\",\"breadcrumb\":{\"@id\":\"https:\/\/suomenlapsiperheet.fi\/index.php\/about\/#breadcrumb\"},\"inLanguage\":\"en\",\"potentialAction\":[{\"@type\":\"ReadAction\",\"target\":[\"https:\/\/suomenlapsiperheet.fi\/index.php\/about\/\"]}]},{\"@type\":\"ImageObject\",\"inLanguage\":\"en\",\"@id\":\"https:\/\/suomenlapsiperheet.fi\/index.php\/about\/#primaryimage\",\"url\":\"https:\/\/suomenlapsiperheet.fi\/wp-content\/uploads\/2024\/05\/cropped-IP-tyo\u0308paja-kuuset-2811-2023_EDIT-copy-2.png\",\"contentUrl\":\"https:\/\/suomenlapsiperheet.fi\/wp-content\/uploads\/2024\/05\/cropped-IP-tyo\u0308paja-kuuset-2811-2023_EDIT-copy-2.png\",\"width\":2000,\"height\":1201},{\"@type\":\"BreadcrumbList\",\"@id\":\"https:\/\/suomenlapsiperheet.fi\/index.php\/about\/#breadcrumb\",\"itemListElement\":[{\"@type\":\"ListItem\",\"position\":1,\"name\":\"Home\",\"item\":\"https:\/\/suomenlapsiperheet.fi\/\"},{\"@type\":\"ListItem\",\"position\":2,\"name\":\"TOIMINTAMME\"}]},{\"@type\":\"WebSite\",\"@id\":\"https:\/\/suomenlapsiperheet.fi\/#website\",\"url\":\"https:\/\/suomenlapsiperheet.fi\/\",\"name\":\"suomen lapsiperheet ry\",\"description\":\"Suomen Lapsiperheet ry kehitt&auml;&auml; ja tuottaa kansallisesti sek&auml; kansainv&auml;lisesti lapsiperheiden palveluja. \",\"potentialAction\":[{\"@type\":\"SearchAction\",\"target\":{\"@type\":\"EntryPoint\",\"urlTemplate\":\"https:\/\/suomenlapsiperheet.fi\/?s={search_term_string}\"},\"query-input\":{\"@type\":\"PropertyValueSpecification\",\"valueRequired\":true,\"valueName\":\"search_term_string\"}}],\"inLanguage\":\"en\"}]}<\/script>\n<!-- \/ Yoast SEO plugin. -->","yoast_head_json":{"title":"TOIMINTAMME - suomen lapsiperheet ry","robots":{"index":"index","follow":"follow","max-snippet":"max-snippet:-1","max-image-preview":"max-image-preview:large","max-video-preview":"max-video-preview:-1"},"canonical":"https:\/\/suomenlapsiperheet.fi\/index.php\/about\/","og_locale":"en_US","og_type":"article","og_title":"TOIMINTAMME - suomen lapsiperheet ry","og_description":"J\u00e4rjest\u00e4mme lapsille, koululaisille ja lapsiperheille kursseja, kerhoja ja palveluja. Edist\u00e4mme yleisesti yhteis\u00f6n ja yhteiskunnan ilmapiiri\u00e4 ihmisyst\u00e4v\u00e4llisemm\u00e4ksi sek\u00e4 kulttuuria inhimillisemm\u00e4ksi. Kehit\u00e4mme ja luomme humanistisiin arvoihin perustuvia konsepteja, joita toivomme mallinnettavan ja levi\u00e4v\u00e4n edell\u00e4mainitun arvopohjan jakamana. Jokaisella ihmisell\u00e4 on arvo ja muita ihmisi\u00e4 sek\u00e4 ymp\u00e4rist\u00f6\u00e4 kunnioittaa jokainen. Painotamme toiminnassamme ja tavoitteissamme sosiaalisia taitoja, toisten huomioimista, hyvien tapojen &hellip; Continue reading \"TOIMINTAMME\"","og_url":"https:\/\/suomenlapsiperheet.fi\/index.php\/about\/","og_site_name":"suomen lapsiperheet ry","article_modified_time":"2024-05-09T17:19:44+00:00","og_image":[{"width":1024,"height":615,"url":"https:\/\/suomenlapsiperheet.fi\/wp-content\/uploads\/2024\/05\/cropped-IP-tyo\u0308paja-kuuset-2811-2023_EDIT-copy-2-1024x615.png","type":"image\/png"}],"twitter_card":"summary_large_image","twitter_misc":{"Est. reading time":"1 minute"},"schema":{"@context":"https:\/\/schema.org","@graph":[{"@type":"WebPage","@id":"https:\/\/suomenlapsiperheet.fi\/index.php\/about\/","url":"https:\/\/suomenlapsiperheet.fi\/index.php\/about\/","name":"TOIMINTAMME - suomen lapsiperheet ry","isPartOf":{"@id":"https:\/\/suomenlapsiperheet.fi\/#website"},"primaryImageOfPage":{"@id":"https:\/\/suomenlapsiperheet.fi\/index.php\/about\/#primaryimage"},"image":{"@id":"https:\/\/suomenlapsiperheet.fi\/index.php\/about\/#primaryimage"},"thumbnailUrl":"https:\/\/suomenlapsiperheet.fi\/wp-content\/uploads\/2024\/05\/cropped-IP-tyo\u0308paja-kuuset-2811-2023_EDIT-copy-2.png","datePublished":"2024-05-09T16:32:25+00:00","dateModified":"2024-05-09T17:19:44+00:00","breadcrumb":{"@id":"https:\/\/suomenlapsiperheet.fi\/index.php\/about\/#breadcrumb"},"inLanguage":"en","potentialAction":[{"@type":"ReadAction","target":["https:\/\/suomenlapsiperheet.fi\/index.php\/about\/"]}]},{"@type":"ImageObject","inLanguage":"en","@id":"https:\/\/suomenlapsiperheet.fi\/index.php\/about\/#primaryimage","url":"https:\/\/suomenlapsiperheet.fi\/wp-content\/uploads\/2024\/05\/cropped-IP-tyo\u0308paja-kuuset-2811-2023_EDIT-copy-2.png","contentUrl":"https:\/\/suomenlapsiperheet.fi\/wp-content\/uploads\/2024\/05\/cropped-IP-tyo\u0308paja-kuuset-2811-2023_EDIT-copy-2.png","width":2000,"height":1201},{"@type":"BreadcrumbList","@id":"https:\/\/suomenlapsiperheet.fi\/index.php\/about\/#breadcrumb","itemListElement":[{"@type":"ListItem","position":1,"name":"Home","item":"https:\/\/suomenlapsiperheet.fi\/"},{"@type":"ListItem","position":2,"name":"TOIMINTAMME"}]},{"@type":"WebSite","@id":"https:\/\/suomenlapsiperheet.fi\/#website","url":"https:\/\/suomenlapsiperheet.fi\/","name":"suomen lapsiperheet ry","description":"Suomen Lapsiperheet ry kehitt&auml;&auml; ja tuottaa kansallisesti sek&auml; kansainv&auml;lisesti lapsiperheiden palveluja. ","potentialAction":[{"@type":"SearchAction","target":{"@type":"EntryPoint","urlTemplate":"https:\/\/suomenlapsiperheet.fi\/?s={search_term_string}"},"query-input":{"@type":"PropertyValueSpecification","valueRequired":true,"valueName":"search_term_string"}}],"inLanguage":"en"}]}},"_links":{"self":[{"href":"https:\/\/suomenlapsiperheet.fi\/index.php\/wp-json\/wp\/v2\/pages\/11","targetHints":{"allow":["GET"]}}],"collection":[{"href":"https:\/\/suomenlapsiperheet.fi\/index.php\/wp-json\/wp\/v2\/pages"}],"about":[{"href":"https:\/\/suomenlapsiperheet.fi\/index.php\/wp-json\/wp\/v2\/types\/page"}],"author":[{"embeddable":true,"href":"https:\/\/suomenlapsiperheet.fi\/index.php\/wp-json\/wp\/v2\/users\/1"}],"replies":[{"embeddable":true,"href":"https:\/\/suomenlapsiperheet.fi\/index.php\/wp-json\/wp\/v2\/comments?post=11"}],"version-history":[{"count":2,"href":"https:\/\/suomenlapsiperheet.fi\/index.php\/wp-json\/wp\/v2\/pages\/11\/revisions"}],"predecessor-version":[{"id":37,"href":"https:\/\/suomenlapsiperheet.fi\/index.php\/wp-json\/wp\/v2\/pages\/11\/revisions\/37"}],"wp:featuredmedia":[{"embeddable":true,"href":"https:\/\/suomenlapsiperheet.fi\/index.php\/wp-json\/wp\/v2\/media\/47"}],"wp:attachment":[{"href":"https:\/\/suomenlapsiperheet.fi\/index.php\/wp-json\/wp\/v2\/media?parent=11"}],"curies":[{"name":"wp","href":"https:\/\/api.w.org\/{rel}","templated":true}]}}